{"id":3815,"date":"2018-04-11T23:55:52","date_gmt":"2018-04-11T21:55:52","guid":{"rendered":"http:\/\/www.seasidecountry-saintmandrier.com\/www\/?page_id=3815"},"modified":"2026-04-27T09:44:13","modified_gmt":"2026-04-27T07:44:13","slug":"bienvenue-4","status":"publish","type":"page","link":"http:\/\/www.seasidecountry-saintmandrier.com\/www\/","title":{"rendered":"Bienvenue  2026"},"content":{"rendered":"<div data-animation=\"no-animation\" data-icons-animation=\"rubberBand\" data-overlay=\"\" data-change-size=\"\" data-button-size=\"1\" style=\"font-size:1em!important;display:none;\" class=\"supsystic-social-sharing supsystic-social-sharing-package-flat supsystic-social-sharing-spacing supsystic-social-sharing-content supsystic-social-sharing-content-align-center\" data-text=\"\"><a data-networks=\"[]\" class=\"social-sharing-button sharer-flat sharer-flat-1 counter-standard grad without-counter facebook\" target=\"_blank\" title=\"Partager sur facebook\" href=\"http:\/\/www.facebook.com\/sharer.php?u=http%3A%2F%2Fwww.seasidecountry-saintmandrier.com%2Fwww%2F\" data-main-href=\"http:\/\/www.facebook.com\/sharer.php?u={url}\" data-nid=\"1\" data-name=\"\" data-pid=\"1\" data-post-id=\"3815\" data-url=\"http:\/\/www.seasidecountry-saintmandrier.com\/www\/wp-admin\/admin-ajax.php\" data-description=\"Bienvenue  2026\" rel=\"nofollow\" data-mailto=\"\"><i class=\"fa-ssbs fa-ssbs-fw fa-ssbs-facebook\"><\/i><div class=\"counter-wrap standard\"><span class=\"counter\">90<\/span><\/div><\/a><\/div><ul>\n<li style=\"list-style-type: none;\">\n<ul>\n<li style=\"list-style-type: none;\">\n<h1>REPRISE des cours&nbsp; LUNDI 27 AVRIL&nbsp;<\/h1>\n<\/li>\n<li>COURS LE MERCREDII 29 AVRIL<\/li>\n<li>PAS DE HAPPY SEASIDE CE MOIS D AVRIL&nbsp;<\/li>\n<\/ul>\n<\/li>\n<\/ul>\n<h3>2026&nbsp; chez les SEASIDE<\/h3>\n<p>un enseignement de danses pour que vous puissiez aller aux bals des autres clubs<\/p>\n<ul>\n<li style=\"list-style-type: none;\">\n<ul>\n<li>cours petits d\u00e9butants<\/li>\n<li>d\u00e9butantes\/novices country<\/li>\n<li>style catalan *\/**nov et nov+<\/li>\n<li>interm\u00e9diaires country<\/li>\n<\/ul>\n<\/li>\n<\/ul>\n<p><strong>Vous pouvez \u00eatre pr\u00e9sent dans un ou plusieurs groupes.<\/strong><\/p>\n<ol>\n<li style=\"list-style-type: none;\">\n<ol>\n<li><em>pas de cours pendant les vacances scolaires<\/em>&nbsp;au foyer cresp<\/li>\n<\/ol>\n<\/li>\n<li>cours soit la 1ere ou 2eme semaine des VS le&nbsp;mercredi&nbsp; salle laneri\u00e8re&nbsp; pin rolland<\/li>\n<\/ol>\n<p style=\"text-align: right;\">HAPPY SEASIDE&nbsp; r\u00e9serv\u00e9 aux adh\u00e9rents<\/p>\n<p>&nbsp;<\/p>\n<p>&nbsp;<\/p>\n<div data-animation=\"no-animation\" data-icons-animation=\"rubberBand\" data-overlay=\"\" data-change-size=\"\" data-button-size=\"1\" style=\"font-size:1em!important;display:none;\" class=\"supsystic-social-sharing supsystic-social-sharing-package-flat supsystic-social-sharing-spacing supsystic-social-sharing-content supsystic-social-sharing-content-align-center\" data-text=\"\"><a data-networks=\"[]\" class=\"social-sharing-button sharer-flat sharer-flat-1 counter-standard grad without-counter facebook\" target=\"_blank\" title=\"Partager sur facebook\" href=\"http:\/\/www.facebook.com\/sharer.php?u=http%3A%2F%2Fwww.seasidecountry-saintmandrier.com%2Fwww%2F\" data-main-href=\"http:\/\/www.facebook.com\/sharer.php?u={url}\" data-nid=\"1\" data-name=\"\" data-pid=\"1\" data-post-id=\"3815\" data-url=\"http:\/\/www.seasidecountry-saintmandrier.com\/www\/wp-admin\/admin-ajax.php\" data-description=\"Bienvenue  2026\" rel=\"nofollow\" data-mailto=\"\"><i class=\"fa-ssbs fa-ssbs-fw fa-ssbs-facebook\"><\/i><div class=\"counter-wrap standard\"><span class=\"counter\">90<\/span><\/div><\/a><\/div>","protected":false},"excerpt":{"rendered":"<div data-animation=\"no-animation\" data-icons-animation=\"rubberBand\" data-overlay=\"\" data-change-size=\"\" data-button-size=\"1\" style=\"font-size:1em!important;display:none;\" class=\"supsystic-social-sharing supsystic-social-sharing-package-flat supsystic-social-sharing-spacing supsystic-social-sharing-content supsystic-social-sharing-content-align-center\" data-text=\"\"><a data-networks=\"[]\" class=\"social-sharing-button sharer-flat sharer-flat-1 counter-standard grad without-counter facebook\" target=\"_blank\" title=\"Partager sur facebook\" href=\"http:\/\/www.facebook.com\/sharer.php?u=http%3A%2F%2Fwww.seasidecountry-saintmandrier.com%2Fwww%2F\" data-main-href=\"http:\/\/www.facebook.com\/sharer.php?u={url}\" data-nid=\"1\" data-name=\"\" data-pid=\"1\" data-post-id=\"3815\" data-url=\"http:\/\/www.seasidecountry-saintmandrier.com\/www\/wp-admin\/admin-ajax.php\" data-description=\"Bienvenue  2026\" rel=\"nofollow\" data-mailto=\"\"><i class=\"fa-ssbs fa-ssbs-fw fa-ssbs-facebook\"><\/i><div class=\"counter-wrap standard\"><span class=\"counter\">90<\/span><\/div><\/a><\/div><p>REPRISE des cours&nbsp; LUNDI 27 AVRIL&nbsp; COURS LE MERCREDII 29 AVRIL PAS DE HAPPY SEASIDE CE MOIS D AVRIL&nbsp; 2026&nbsp; chez les SEASIDE un enseignement de danses pour que vous puissiez aller aux bals des autres clubs cours petits d\u00e9butants d\u00e9butantes\/novices country style catalan *\/**nov et nov+ interm\u00e9diaires country Vous pouvez \u00eatre pr\u00e9sent dans un &hellip; <a href=\"http:\/\/www.seasidecountry-saintmandrier.com\/www\/\" class=\"more-link\">Continuer la lecture de <span class=\"screen-reader-text\">Bienvenue  2026<\/span>  <span class=\"meta-nav\">&rarr;<\/span><\/a><\/p>\n<div data-animation=\"no-animation\" data-icons-animation=\"rubberBand\" data-overlay=\"\" data-change-size=\"\" data-button-size=\"1\" style=\"font-size:1em!important;display:none;\" class=\"supsystic-social-sharing supsystic-social-sharing-package-flat supsystic-social-sharing-spacing supsystic-social-sharing-content supsystic-social-sharing-content-align-center\" data-text=\"\"><a data-networks=\"[]\" class=\"social-sharing-button sharer-flat sharer-flat-1 counter-standard grad without-counter facebook\" target=\"_blank\" title=\"Partager sur facebook\" href=\"http:\/\/www.facebook.com\/sharer.php?u=http%3A%2F%2Fwww.seasidecountry-saintmandrier.com%2Fwww%2F\" data-main-href=\"http:\/\/www.facebook.com\/sharer.php?u={url}\" data-nid=\"1\" data-name=\"\" data-pid=\"1\" data-post-id=\"3815\" data-url=\"http:\/\/www.seasidecountry-saintmandrier.com\/www\/wp-admin\/admin-ajax.php\" data-description=\"Bienvenue  2026\" rel=\"nofollow\" data-mailto=\"\"><i class=\"fa-ssbs fa-ssbs-fw fa-ssbs-facebook\"><\/i><div class=\"counter-wrap standard\"><span class=\"counter\">90<\/span><\/div><\/a><\/div>","protected":false},"author":1,"featured_media":0,"parent":0,"menu_order":0,"comment_status":"closed","ping_status":"closed","template":"","meta":[],"_links":{"self":[{"href":"http:\/\/www.seasidecountry-saintmandrier.com\/www\/wp-json\/wp\/v2\/pages\/3815"}],"collection":[{"href":"http:\/\/www.seasidecountry-saintmandrier.com\/www\/wp-json\/wp\/v2\/pages"}],"about":[{"href":"http:\/\/www.seasidecountry-saintmandrier.com\/www\/wp-json\/wp\/v2\/types\/page"}],"author":[{"embeddable":true,"href":"http:\/\/www.seasidecountry-saintmandrier.com\/www\/wp-json\/wp\/v2\/users\/1"}],"replies":[{"embeddable":true,"href":"http:\/\/www.seasidecountry-saintmandrier.com\/www\/wp-json\/wp\/v2\/comments?post=3815"}],"version-history":[{"count":268,"href":"http:\/\/www.seasidecountry-saintmandrier.com\/www\/wp-json\/wp\/v2\/pages\/3815\/revisions"}],"predecessor-version":[{"id":9429,"href":"http:\/\/www.seasidecountry-saintmandrier.com\/www\/wp-json\/wp\/v2\/pages\/3815\/revisions\/9429"}],"wp:attachment":[{"href":"http:\/\/www.seasidecountry-saintmandrier.com\/www\/wp-json\/wp\/v2\/media?parent=3815"}],"curies":[{"name":"wp","href":"https:\/\/api.w.org\/{rel}","templated":true}]}}